{"id":95,"date":"2025-12-09T10:51:29","date_gmt":"2025-12-09T09:51:29","guid":{"rendered":"https:\/\/grimen.hornstaging.no\/?page_id=95"},"modified":"2026-01-12T10:43:02","modified_gmt":"2026-01-12T09:43:02","slug":"uber-uns","status":"publish","type":"page","link":"https:\/\/grimencamping.no\/de\/om-oss\/","title":{"rendered":"\u00dcber uns"},"content":{"rendered":"<div data-elementor-type=\"wp-page\" data-elementor-id=\"95\" class=\"elementor elementor-95\" data-elementor-post-type=\"page\">\n\t\t\t\t<div class=\"elementor-element elementor-element-3b06bf6 e-flex e-con-boxed e-con e-parent\" data-id=\"3b06bf6\" data-element_type=\"container\" data-e-type=\"container\" data-settings=\"{&quot;background_background&quot;:&quot;classic&quot;}\">\n\t\t\t\t\t<div class=\"e-con-inner\">\n\t\t<div class=\"elementor-element elementor-element-3115ea0 e-con-full e-flex e-con e-child\" data-id=\"3115ea0\" data-element_type=\"container\" data-e-type=\"container\">\n\t\t\t\t<div class=\"elementor-element elementor-element-6e5d44c elementor-widget elementor-widget-heading\" data-id=\"6e5d44c\" data-element_type=\"widget\" data-e-type=\"widget\" data-widget_type=\"heading.default\">\n\t\t\t\t\t<h1 class=\"elementor-heading-title elementor-size-default\">\u00dcber Grimen Camping<\/h1>\t\t\t\t<\/div>\n\t\t\t\t<div class=\"elementor-element elementor-element-b6ceb3d elementor-widget elementor-widget-text-editor\" data-id=\"b6ceb3d\" data-element_type=\"widget\" data-e-type=\"widget\" data-widget_type=\"text-editor.default\">\n\t\t\t\t\t\t\t\t\t<p>Grimen Camping wurde 1951 gegr\u00fcndet und liegt nur 20 Minuten vom Stadtzentrum Bergens entfernt \u2013 mit einem wundersch\u00f6nen See direkt im Hinterhof. Hier sind G\u00e4ste mit Wohnmobil, Wohnwagen oder Zelt herzlich willkommen und k\u00f6nnen Naturerlebnisse, Wanderwege und eine einfache Busverbindung in die Stadt kombinieren.<\/p>\t\t\t\t\t\t\t\t<\/div>\n\t\t<div class=\"elementor-element elementor-element-a184f4f e-con-full e-flex e-con e-child\" data-id=\"a184f4f\" data-element_type=\"container\" data-e-type=\"container\">\n\t\t\t\t<div class=\"elementor-element elementor-element-a0d5df6 elementor-mobile-align-justify elementor-align-right elementor-widget elementor-widget-button\" data-id=\"a0d5df6\" data-element_type=\"widget\" data-e-type=\"widget\" data-widget_type=\"button.default\">\n\t\t\t\t\t\t\t\t\t\t<a class=\"elementor-button elementor-button-link elementor-size-sm elementor-animation-float\" href=\"https:\/\/hotels.cloudbeds.com\/en\/reservation\/vilpBa\/\" target=\"_blank\">\n\t\t\t\t\t\t<span class=\"elementor-button-content-wrapper\">\n\t\t\t\t\t\t\t\t\t<span class=\"elementor-button-text\">Unterkunft buchen<\/span>\n\t\t\t\t\t<\/span>\n\t\t\t\t\t<\/a>\n\t\t\t\t\t\t\t\t<\/div>\n\t\t\t\t<\/div>\n\t\t\t\t<\/div>\n\t\t\t\t\t<\/div>\n\t\t\t\t<\/div>\n\t\t<div class=\"elementor-element elementor-element-b2ed691 e-flex e-con-boxed e-con e-parent\" data-id=\"b2ed691\" data-element_type=\"container\" data-e-type=\"container\">\n\t\t\t\t\t<div class=\"e-con-inner\">\n\t\t<div class=\"elementor-element elementor-element-de8ec9e e-con-full e-flex e-con e-child\" data-id=\"de8ec9e\" data-element_type=\"container\" data-e-type=\"container\">\n\t\t<div class=\"elementor-element elementor-element-e7eecf1 e-con-full e-flex e-con e-child\" data-id=\"e7eecf1\" data-element_type=\"container\" data-e-type=\"container\">\n\t\t\t\t<div class=\"elementor-element elementor-element-8f560f6 elementor-widget elementor-widget-heading\" data-id=\"8f560f6\" data-element_type=\"widget\" data-e-type=\"widget\" data-widget_type=\"heading.default\">\n\t\t\t\t\t<h2 class=\"elementor-heading-title elementor-size-default\">Willkommen auf dem Grimen Camping<\/h2>\t\t\t\t<\/div>\n\t\t\t\t<div class=\"elementor-element elementor-element-7e19b82 elementor-widget elementor-widget-text-editor\" data-id=\"7e19b82\" data-element_type=\"widget\" data-e-type=\"widget\" data-widget_type=\"text-editor.default\">\n\t\t\t\t\t\t\t\t\t<p>Grimen wurde 1951 mit dem Ziel gegr\u00fcndet, einen gem\u00fctlichen R\u00fcckzugsort f\u00fcr Menschen wie uns zu schaffen \u2013 f\u00fcr alle, die das Leben unterwegs und die N\u00e4he zur Natur lieben. Unsere Lage ist nur eine kurze 20-min\u00fctige Fahrt vom Stadtzentrum Bergens entfernt, und ein idyllischer See geh\u00f6rt zu unserem direkten Umfeld.<\/p><p>Auf unserem Campingplatz hei\u00dfen wir alle willkommen, die unsere Reiselust teilen. Ob Sie mit Wohnwagen, Wohnmobil oder als Wochenendwanderer anreisen \u2013 bei uns finden Sie komfortable H\u00fctten. Die abenteuerlustigsten G\u00e4ste k\u00f6nnen ihr Zelt auf der Wiese am See aufschlagen und eine wunderbare Nacht im Freien verbringen, mit Blick auf die majest\u00e4tischen Berge, die uns umgeben.<\/p><p>Eine Bushaltestelle befindet sich direkt vor dem Campingplatz und macht es einfach, Bergen zu erkunden. Dennoch empfehlen wir die zahlreichen Wanderwege in der Umgebung f\u00fcr ein authentisches Naturerlebnis.<\/p><p>Seit 2022 wird Grimen Camping Bergen unter neuer Leitung gef\u00fchrt, und wir freuen uns darauf, Sie an einem Ort willkommen zu hei\u00dfen, der Teil der reichen Reisegeschichte Bergens ist.<\/p>\t\t\t\t\t\t\t\t<\/div>\n\t\t\t\t<div class=\"elementor-element elementor-element-344c79c elementor-mobile-align-justify elementor-align-left elementor-widget elementor-widget-button\" data-id=\"344c79c\" data-element_type=\"widget\" data-e-type=\"widget\" data-widget_type=\"button.default\">\n\t\t\t\t\t\t\t\t\t\t<a class=\"elementor-button elementor-button-link elementor-size-sm elementor-animation-float\" href=\"https:\/\/hotels.cloudbeds.com\/en\/reservation\/vilpBa\/\" target=\"_blank\">\n\t\t\t\t\t\t<span class=\"elementor-button-content-wrapper\">\n\t\t\t\t\t\t\t\t\t<span class=\"elementor-button-text\">Unterkunft buchen<\/span>\n\t\t\t\t\t<\/span>\n\t\t\t\t\t<\/a>\n\t\t\t\t\t\t\t\t<\/div>\n\t\t\t\t<\/div>\n\t\t<div class=\"elementor-element elementor-element-9b83ddb e-con-full e-flex e-con e-child\" data-id=\"9b83ddb\" data-element_type=\"container\" data-e-type=\"container\">\n\t\t\t\t<div class=\"elementor-element elementor-element-05c8434 elementor-widget elementor-widget-image\" data-id=\"05c8434\" data-element_type=\"widget\" data-e-type=\"widget\" data-widget_type=\"image.default\">\n\t\t\t\t\t\t\t\t\t\t\t\t\t\t\t<img fetchpriority=\"high\" decoding=\"async\" width=\"2048\" height=\"1152\" src=\"https:\/\/grimencamping.no\/wp-content\/uploads\/2025\/12\/Hardangervegen-265-4-of-14-1-scaled-1.jpg\" class=\"attachment-full size-full wp-image-288\" alt=\"\" srcset=\"https:\/\/grimencamping.no\/wp-content\/uploads\/2025\/12\/Hardangervegen-265-4-of-14-1-scaled-1.jpg 2048w, https:\/\/grimencamping.no\/wp-content\/uploads\/2025\/12\/Hardangervegen-265-4-of-14-1-scaled-1-300x169.jpg 300w, https:\/\/grimencamping.no\/wp-content\/uploads\/2025\/12\/Hardangervegen-265-4-of-14-1-scaled-1-1024x576.jpg 1024w, https:\/\/grimencamping.no\/wp-content\/uploads\/2025\/12\/Hardangervegen-265-4-of-14-1-scaled-1-768x432.jpg 768w, https:\/\/grimencamping.no\/wp-content\/uploads\/2025\/12\/Hardangervegen-265-4-of-14-1-scaled-1-1536x864.jpg 1536w\" sizes=\"(max-width: 2048px) 100vw, 2048px\" \/>\t\t\t\t\t\t\t\t\t\t\t\t\t\t\t<\/div>\n\t\t\t\t<\/div>\n\t\t\t\t<\/div>\n\t\t\t\t\t<\/div>\n\t\t\t\t<\/div>\n\t\t\t\t<\/div>","protected":false},"excerpt":{"rendered":"<p>Om Grimen Camping Grimen Camping ble etablert i 1951 og ligger bare 20 minutter fra Bergen sentrum, med en vakker innsj\u00f8 i bakg\u00e5rden. Her er du velkommen med bobil, campingvogn eller telt \u2013 og kan kombinere naturopplevelser, turstier og enkel bussforbindelse til byen. Book overnatting Velkommen til Grimen Camping Grimen ble til i 1951 med [&hellip;]<\/p>\n","protected":false},"author":1,"featured_media":329,"parent":0,"menu_order":0,"comment_status":"closed","ping_status":"closed","template":"","meta":{"_acf_changed":false,"footnotes":""},"class_list":["post-95","page","type-page","status-publish","has-post-thumbnail","hentry"],"acf":[],"yoast_head":"<!-- This site is optimized with the Yoast SEO plugin v27.0 - https:\/\/yoast.com\/product\/yoast-seo-wordpress\/ -->\n<title>Om Grimen Camping \u2013 naturn\u00e6rt opphold kun 20 min fra Bergen<\/title>\n<meta name=\"description\" content=\"Grimen Camping tilbyr teltplass, bobil og hytter ved innsj\u00f8en \u2013 med turstier og buss til Bergen sentrum. Etablert i 1951, i hjertet av naturen.\" \/>\n<meta name=\"robots\" content=\"index, follow, max-snippet:-1, max-image-preview:large, max-video-preview:-1\" \/>\n<link rel=\"canonical\" href=\"https:\/\/grimencamping.no\/de\/uber-uns\/\" \/>\n<meta property=\"og:locale\" content=\"de_DE\" \/>\n<meta property=\"og:type\" content=\"article\" \/>\n<meta property=\"og:title\" content=\"Om Grimen Camping \u2013 naturn\u00e6rt opphold kun 20 min fra Bergen\" \/>\n<meta property=\"og:description\" content=\"Grimen Camping tilbyr teltplass, bobil og hytter ved innsj\u00f8en \u2013 med turstier og buss til Bergen sentrum. Etablert i 1951, i hjertet av naturen.\" \/>\n<meta property=\"og:url\" content=\"https:\/\/grimencamping.no\/de\/uber-uns\/\" \/>\n<meta property=\"og:site_name\" content=\"Grimen Camping\" \/>\n<meta property=\"article:modified_time\" content=\"2026-01-12T09:43:02+00:00\" \/>\n<meta property=\"og:image\" content=\"https:\/\/grimencamping.no\/wp-content\/uploads\/2025\/12\/opengraph-grimen.jpg\" \/>\n\t<meta property=\"og:image:width\" content=\"2048\" \/>\n\t<meta property=\"og:image:height\" content=\"1363\" \/>\n\t<meta property=\"og:image:type\" content=\"image\/jpeg\" \/>\n<meta name=\"twitter:card\" content=\"summary_large_image\" \/>\n<meta name=\"twitter:label1\" content=\"Gesch\u00e4tzte Lesezeit\" \/>\n\t<meta name=\"twitter:data1\" content=\"2\u00a0Minuten\" \/>\n<script type=\"application\/ld+json\" class=\"yoast-schema-graph\">{\"@context\":\"https:\/\/schema.org\",\"@graph\":[{\"@type\":\"WebPage\",\"@id\":\"https:\/\/grimencamping.no\/om-oss\/\",\"url\":\"https:\/\/grimencamping.no\/om-oss\/\",\"name\":\"Om Grimen Camping \u2013 naturn\u00e6rt opphold kun 20 min fra Bergen\",\"isPartOf\":{\"@id\":\"https:\/\/grimencamping.no\/#website\"},\"primaryImageOfPage\":{\"@id\":\"https:\/\/grimencamping.no\/om-oss\/#primaryimage\"},\"image\":{\"@id\":\"https:\/\/grimencamping.no\/om-oss\/#primaryimage\"},\"thumbnailUrl\":\"https:\/\/grimencamping.no\/wp-content\/uploads\/2025\/12\/opengraph-grimen.jpg\",\"datePublished\":\"2025-12-09T09:51:29+00:00\",\"dateModified\":\"2026-01-12T09:43:02+00:00\",\"description\":\"Grimen Camping tilbyr teltplass, bobil og hytter ved innsj\u00f8en \u2013 med turstier og buss til Bergen sentrum. Etablert i 1951, i hjertet av naturen.\",\"breadcrumb\":{\"@id\":\"https:\/\/grimencamping.no\/om-oss\/#breadcrumb\"},\"inLanguage\":\"de\",\"potentialAction\":[{\"@type\":\"ReadAction\",\"target\":[\"https:\/\/grimencamping.no\/om-oss\/\"]}]},{\"@type\":\"ImageObject\",\"inLanguage\":\"de\",\"@id\":\"https:\/\/grimencamping.no\/om-oss\/#primaryimage\",\"url\":\"https:\/\/grimencamping.no\/wp-content\/uploads\/2025\/12\/opengraph-grimen.jpg\",\"contentUrl\":\"https:\/\/grimencamping.no\/wp-content\/uploads\/2025\/12\/opengraph-grimen.jpg\",\"width\":2048,\"height\":1363},{\"@type\":\"BreadcrumbList\",\"@id\":\"https:\/\/grimencamping.no\/om-oss\/#breadcrumb\",\"itemListElement\":[{\"@type\":\"ListItem\",\"position\":1,\"name\":\"Hjem\",\"item\":\"https:\/\/grimencamping.no\/\"},{\"@type\":\"ListItem\",\"position\":2,\"name\":\"Om oss\"}]},{\"@type\":\"WebSite\",\"@id\":\"https:\/\/grimencamping.no\/#website\",\"url\":\"https:\/\/grimencamping.no\/\",\"name\":\"Grimen Camping\",\"description\":\"Hytter og bobil n\u00e6r Bergen og naturen\",\"publisher\":{\"@id\":\"https:\/\/grimencamping.no\/#organization\"},\"alternateName\":\"Grimen Camping\",\"potentialAction\":[{\"@type\":\"SearchAction\",\"target\":{\"@type\":\"EntryPoint\",\"urlTemplate\":\"https:\/\/grimencamping.no\/?s={search_term_string}\"},\"query-input\":{\"@type\":\"PropertyValueSpecification\",\"valueRequired\":true,\"valueName\":\"search_term_string\"}}],\"inLanguage\":\"de\"},{\"@type\":\"Organization\",\"@id\":\"https:\/\/grimencamping.no\/#organization\",\"name\":\"Grimen Camping\",\"alternateName\":\"Grimen Camping\",\"url\":\"https:\/\/grimencamping.no\/\",\"logo\":{\"@type\":\"ImageObject\",\"inLanguage\":\"de\",\"@id\":\"https:\/\/grimencamping.no\/#\/schema\/logo\/image\/\",\"url\":\"https:\/\/grimencamping.no\/wp-content\/uploads\/2025\/12\/Logo-Grimen-white.png\",\"contentUrl\":\"https:\/\/grimencamping.no\/wp-content\/uploads\/2025\/12\/Logo-Grimen-white.png\",\"width\":892,\"height\":839,\"caption\":\"Grimen Camping\"},\"image\":{\"@id\":\"https:\/\/grimencamping.no\/#\/schema\/logo\/image\/\"},\"sameAs\":[\"https:\/\/www.instagram.com\/grimencampingbergen\/\"]}]}<\/script>\n<!-- \/ Yoast SEO plugin. -->","yoast_head_json":{"title":"\u00dcber Grimen Camping \u2013 Natur &amp; See bei Bergen seit 1951","description":"Erfahren Sie mehr \u00fcber Grimen Camping bei Bergen \u2013 gegr\u00fcndet 1951. Idyllischer See, Wandern, Natur &amp; einfache Anreise per Bus.","robots":{"index":"index","follow":"follow","max-snippet":"max-snippet:-1","max-image-preview":"max-image-preview:large","max-video-preview":"max-video-preview:-1"},"canonical":"https:\/\/grimencamping.no\/de\/uber-uns\/","og_locale":"de_DE","og_type":"article","og_title":"Om Grimen Camping \u2013 naturn\u00e6rt opphold kun 20 min fra Bergen","og_description":"Grimen Camping tilbyr teltplass, bobil og hytter ved innsj\u00f8en \u2013 med turstier og buss til Bergen sentrum. Etablert i 1951, i hjertet av naturen.","og_url":"https:\/\/grimencamping.no\/de\/uber-uns\/","og_site_name":"Grimen Camping","article_modified_time":"2026-01-12T09:43:02+00:00","og_image":[{"width":2048,"height":1363,"url":"https:\/\/grimencamping.no\/wp-content\/uploads\/2025\/12\/opengraph-grimen.jpg","type":"image\/jpeg"}],"twitter_card":"summary_large_image","twitter_misc":{"Gesch\u00e4tzte Lesezeit":"2\u00a0Minuten"},"schema":{"@context":"https:\/\/schema.org","@graph":[{"@type":"WebPage","@id":"https:\/\/grimencamping.no\/om-oss\/","url":"https:\/\/grimencamping.no\/om-oss\/","name":"\u00dcber Grimen Camping \u2013 Natur &amp; See bei Bergen seit 1951","isPartOf":{"@id":"https:\/\/grimencamping.no\/#website"},"primaryImageOfPage":{"@id":"https:\/\/grimencamping.no\/om-oss\/#primaryimage"},"image":{"@id":"https:\/\/grimencamping.no\/om-oss\/#primaryimage"},"thumbnailUrl":"https:\/\/grimencamping.no\/wp-content\/uploads\/2025\/12\/opengraph-grimen.jpg","datePublished":"2025-12-09T09:51:29+00:00","dateModified":"2026-01-12T09:43:02+00:00","description":"Erfahren Sie mehr \u00fcber Grimen Camping bei Bergen \u2013 gegr\u00fcndet 1951. Idyllischer See, Wandern, Natur &amp; einfache Anreise per Bus.","breadcrumb":{"@id":"https:\/\/grimencamping.no\/om-oss\/#breadcrumb"},"inLanguage":"de","potentialAction":[{"@type":"ReadAction","target":["https:\/\/grimencamping.no\/om-oss\/"]}]},{"@type":"ImageObject","inLanguage":"de","@id":"https:\/\/grimencamping.no\/om-oss\/#primaryimage","url":"https:\/\/grimencamping.no\/wp-content\/uploads\/2025\/12\/opengraph-grimen.jpg","contentUrl":"https:\/\/grimencamping.no\/wp-content\/uploads\/2025\/12\/opengraph-grimen.jpg","width":2048,"height":1363},{"@type":"BreadcrumbList","@id":"https:\/\/grimencamping.no\/om-oss\/#breadcrumb","itemListElement":[{"@type":"ListItem","position":1,"name":"Hjem","item":"https:\/\/grimencamping.no\/"},{"@type":"ListItem","position":2,"name":"Om oss"}]},{"@type":"WebSite","@id":"https:\/\/grimencamping.no\/#website","url":"https:\/\/grimencamping.no\/","name":"Grimen Camping","description":"Hytter og bobil n\u00e6r Bergen og naturen","publisher":{"@id":"https:\/\/grimencamping.no\/#organization"},"alternateName":"Grimen Camping","potentialAction":[{"@type":"SearchAction","target":{"@type":"EntryPoint","urlTemplate":"https:\/\/grimencamping.no\/?s={search_term_string}"},"query-input":{"@type":"PropertyValueSpecification","valueRequired":true,"valueName":"search_term_string"}}],"inLanguage":"de"},{"@type":"Organization","@id":"https:\/\/grimencamping.no\/#organization","name":"Grimen Camping","alternateName":"Grimen Camping","url":"https:\/\/grimencamping.no\/","logo":{"@type":"ImageObject","inLanguage":"de","@id":"https:\/\/grimencamping.no\/#\/schema\/logo\/image\/","url":"https:\/\/grimencamping.no\/wp-content\/uploads\/2025\/12\/Logo-Grimen-white.png","contentUrl":"https:\/\/grimencamping.no\/wp-content\/uploads\/2025\/12\/Logo-Grimen-white.png","width":892,"height":839,"caption":"Grimen Camping"},"image":{"@id":"https:\/\/grimencamping.no\/#\/schema\/logo\/image\/"},"sameAs":["https:\/\/www.instagram.com\/grimencampingbergen\/"]}]}},"_links":{"self":[{"href":"https:\/\/grimencamping.no\/de\/wp-json\/wp\/v2\/pages\/95","targetHints":{"allow":["GET"]}}],"collection":[{"href":"https:\/\/grimencamping.no\/de\/wp-json\/wp\/v2\/pages"}],"about":[{"href":"https:\/\/grimencamping.no\/de\/wp-json\/wp\/v2\/types\/page"}],"author":[{"embeddable":true,"href":"https:\/\/grimencamping.no\/de\/wp-json\/wp\/v2\/users\/1"}],"replies":[{"embeddable":true,"href":"https:\/\/grimencamping.no\/de\/wp-json\/wp\/v2\/comments?post=95"}],"version-history":[{"count":5,"href":"https:\/\/grimencamping.no\/de\/wp-json\/wp\/v2\/pages\/95\/revisions"}],"predecessor-version":[{"id":491,"href":"https:\/\/grimencamping.no\/de\/wp-json\/wp\/v2\/pages\/95\/revisions\/491"}],"wp:featuredmedia":[{"embeddable":true,"href":"https:\/\/grimencamping.no\/de\/wp-json\/wp\/v2\/media\/329"}],"wp:attachment":[{"href":"https:\/\/grimencamping.no\/de\/wp-json\/wp\/v2\/media?parent=95"}],"curies":[{"name":"wp","href":"https:\/\/api.w.org\/{rel}","templated":true}]}}