{"id":94,"date":"2025-12-09T10:51:24","date_gmt":"2025-12-09T09:51:24","guid":{"rendered":"https:\/\/grimen.hornstaging.no\/?page_id=94"},"modified":"2026-01-12T09:43:09","modified_gmt":"2026-01-12T08:43:09","slug":"langzeitmiete","status":"publish","type":"page","link":"https:\/\/grimencamping.no\/de\/langtidsleie\/","title":{"rendered":"Langzeitmiete"},"content":{"rendered":"<div data-elementor-type=\"wp-page\" data-elementor-id=\"94\" class=\"elementor elementor-94\" data-elementor-post-type=\"page\">\n\t\t\t\t<div class=\"elementor-element elementor-element-418a623 e-flex e-con-boxed e-con e-parent\" data-id=\"418a623\" data-element_type=\"container\" data-e-type=\"container\" data-settings=\"{&quot;background_background&quot;:&quot;classic&quot;}\">\n\t\t\t\t\t<div class=\"e-con-inner\">\n\t\t<div class=\"elementor-element elementor-element-6aff557 e-con-full e-flex e-con e-child\" data-id=\"6aff557\" data-element_type=\"container\" data-e-type=\"container\">\n\t\t\t\t<div class=\"elementor-element elementor-element-4cb86ac elementor-widget elementor-widget-heading\" data-id=\"4cb86ac\" data-element_type=\"widget\" data-e-type=\"widget\" data-widget_type=\"heading.default\">\n\t\t\t\t\t<h1 class=\"elementor-heading-title elementor-size-default\">Langzeitmiete<\/h1>\t\t\t\t<\/div>\n\t\t\t\t<div class=\"elementor-element elementor-element-33ebac2 elementor-widget elementor-widget-text-editor\" data-id=\"33ebac2\" data-element_type=\"widget\" data-e-type=\"widget\" data-widget_type=\"text-editor.default\">\n\t\t\t\t\t\t\t\t\t<p data-start=\"118\" data-end=\"419\">Genie\u00dfen Sie einen Langzeitaufenthalt auf dem Grimen Camping in der Nebensaison von Oktober bis Mai. Wir bieten individuelle Vereinbarungen f\u00fcr l\u00e4ngere Aufenthalte \u2013 mit ruhiger Atmosph\u00e4re und naturnaher Umgebung in der N\u00e4he von Bergen.<\/p>\t\t\t\t\t\t\t\t<\/div>\n\t\t<div class=\"elementor-element elementor-element-642ad43 e-con-full e-flex e-con e-child\" data-id=\"642ad43\" data-element_type=\"container\" data-e-type=\"container\">\n\t\t\t\t<div class=\"elementor-element elementor-element-ecc23b6 elementor-mobile-align-justify elementor-widget elementor-widget-button\" data-id=\"ecc23b6\" data-element_type=\"widget\" data-e-type=\"widget\" data-widget_type=\"button.default\">\n\t\t\t\t\t\t\t\t\t\t<a class=\"elementor-button elementor-button-link elementor-size-sm elementor-animation-float\" href=\"https:\/\/grimencamping.no\/de\/kontakt\/\">\n\t\t\t\t\t\t<span class=\"elementor-button-content-wrapper\">\n\t\t\t\t\t\t\t\t\t<span class=\"elementor-button-text\">Kontaktieren Sie uns<\/span>\n\t\t\t\t\t<\/span>\n\t\t\t\t\t<\/a>\n\t\t\t\t\t\t\t\t<\/div>\n\t\t\t\t<\/div>\n\t\t\t\t<\/div>\n\t\t\t\t\t<\/div>\n\t\t\t\t<\/div>\n\t\t<div class=\"elementor-element elementor-element-a26e4f3 e-flex e-con-boxed e-con e-parent\" data-id=\"a26e4f3\" data-element_type=\"container\" data-e-type=\"container\">\n\t\t\t\t\t<div class=\"e-con-inner\">\n\t\t<div class=\"elementor-element elementor-element-4e9c68f e-con-full e-flex e-con e-child\" data-id=\"4e9c68f\" data-element_type=\"container\" data-e-type=\"container\">\n\t\t<div class=\"elementor-element elementor-element-5debf16 e-con-full e-flex e-con e-child\" data-id=\"5debf16\" data-element_type=\"container\" data-e-type=\"container\">\n\t\t\t\t<div class=\"elementor-element elementor-element-15db300 elementor-widget elementor-widget-heading\" data-id=\"15db300\" data-element_type=\"widget\" data-e-type=\"widget\" data-widget_type=\"heading.default\">\n\t\t\t\t\t<h2 class=\"elementor-heading-title elementor-size-default\">Entdecken Sie unsere M\u00f6glichkeiten f\u00fcr Langzeitaufenthalte<\/h2>\t\t\t\t<\/div>\n\t\t\t\t<div class=\"elementor-element elementor-element-c1c59f1 elementor-widget elementor-widget-text-editor\" data-id=\"c1c59f1\" data-element_type=\"widget\" data-e-type=\"widget\" data-widget_type=\"text-editor.default\">\n\t\t\t\t\t\t\t\t\t<p>Wenn Sie an einem l\u00e4ngeren Aufenthalt interessiert sind, bieten wir spezielle Vereinbarungen f\u00fcr die Nebensaison an, die von Oktober bis Mai dauert. So haben Sie die M\u00f6glichkeit, die ruhige Atmosph\u00e4re und die Sch\u00f6nheit von Grimen Camping in diesen Monaten zu genie\u00dfen.<\/p><p>F\u00fcr weitere Informationen und um langfristige Vereinbarungen zu besprechen, senden Sie uns bitte eine E-Mail an\u00a0<a href=\"mailto:booking@grimencamping.no\" target=\"_new\">booking@grimencamping.no<\/a>\u00a0oder rufen Sie uns unter +47 457 25 627 an. Wir sind da, um Ihre Fragen zu beantworten und Ihnen bei der Planung Ihres l\u00e4ngeren Aufenthalts zu helfen.<\/p><p>Grimen Camping Bergen freut sich darauf, Sie zu einem verl\u00e4ngerten Aufenthalt willkommen zu hei\u00dfen \u2013 ob zur Entspannung, zum Erkunden oder um die Natur in Ihrem eigenen Tempo zu erleben.<\/p>\t\t\t\t\t\t\t\t<\/div>\n\t\t\t\t<div class=\"elementor-element elementor-element-dcb595b elementor-mobile-align-justify elementor-widget elementor-widget-button\" data-id=\"dcb595b\" data-element_type=\"widget\" data-e-type=\"widget\" data-widget_type=\"button.default\">\n\t\t\t\t\t\t\t\t\t\t<a class=\"elementor-button elementor-button-link elementor-size-sm elementor-animation-float\" href=\"https:\/\/grimencamping.no\/de\/kontakt\/\">\n\t\t\t\t\t\t<span class=\"elementor-button-content-wrapper\">\n\t\t\t\t\t\t\t\t\t<span class=\"elementor-button-text\">Kontaktieren Sie uns<\/span>\n\t\t\t\t\t<\/span>\n\t\t\t\t\t<\/a>\n\t\t\t\t\t\t\t\t<\/div>\n\t\t\t\t<\/div>\n\t\t<div class=\"elementor-element elementor-element-8893a9c e-con-full e-flex e-con e-child\" data-id=\"8893a9c\" data-element_type=\"container\" data-e-type=\"container\">\n\t\t\t\t<div class=\"elementor-element elementor-element-2f65da1 elementor-widget elementor-widget-image\" data-id=\"2f65da1\" data-element_type=\"widget\" data-e-type=\"widget\" data-widget_type=\"image.default\">\n\t\t\t\t\t\t\t\t\t\t\t\t\t\t\t<img fetchpriority=\"high\" decoding=\"async\" width=\"2560\" height=\"1920\" src=\"https:\/\/grimencamping.no\/wp-content\/uploads\/2025\/12\/DSF7003-Copia-scaled.jpg\" class=\"attachment-full size-full wp-image-258\" alt=\"\" srcset=\"https:\/\/grimencamping.no\/wp-content\/uploads\/2025\/12\/DSF7003-Copia-scaled.jpg 2560w, https:\/\/grimencamping.no\/wp-content\/uploads\/2025\/12\/DSF7003-Copia-300x225.jpg 300w, https:\/\/grimencamping.no\/wp-content\/uploads\/2025\/12\/DSF7003-Copia-1024x768.jpg 1024w, https:\/\/grimencamping.no\/wp-content\/uploads\/2025\/12\/DSF7003-Copia-768x576.jpg 768w, https:\/\/grimencamping.no\/wp-content\/uploads\/2025\/12\/DSF7003-Copia-1536x1152.jpg 1536w, https:\/\/grimencamping.no\/wp-content\/uploads\/2025\/12\/DSF7003-Copia-2048x1536.jpg 2048w\" sizes=\"(max-width: 2560px) 100vw, 2560px\" \/>\t\t\t\t\t\t\t\t\t\t\t\t\t\t\t<\/div>\n\t\t\t\t<\/div>\n\t\t\t\t<\/div>\n\t\t\t\t\t<\/div>\n\t\t\t\t<\/div>\n\t\t\t\t<\/div>","protected":false},"excerpt":{"rendered":"<p>Langtidsleie Nyt et langtidsopphold p\u00e5 Grimen Camping i lavsesongen fra oktober til mai. Vi tilbyr egne avtaler for lengre opphold, med rolig atmosf\u00e6re og naturn\u00e6re omgivelser n\u00e6r Bergen. Kontakt oss Utforsk v\u00e5re langtidsoppholds muligheter Dersom du er interessert i lengre opphold, tilbyr vi spesielle avtaler for lavsesongen, som varer fra oktober til mai. Dette gir [&hellip;]<\/p>\n","protected":false},"author":1,"featured_media":329,"parent":0,"menu_order":0,"comment_status":"closed","ping_status":"closed","template":"","meta":{"_acf_changed":false,"footnotes":""},"class_list":["post-94","page","type-page","status-publish","has-post-thumbnail","hentry"],"acf":[],"yoast_head":"<!-- This site is optimized with the Yoast SEO plugin v27.0 - https:\/\/yoast.com\/product\/yoast-seo-wordpress\/ -->\n<title>Langtidsleie p\u00e5 Grimen Camping \u2013 bo naturn\u00e6rt n\u00e6r Bergen<\/title>\n<meta name=\"description\" content=\"Bo rimelig og rolig fra oktober til mai p\u00e5 Grimen Camping. Langtidsleie med natur, fjellutsikt og kort vei til Bergen sentrum.\" \/>\n<meta name=\"robots\" content=\"index, follow, max-snippet:-1, max-image-preview:large, max-video-preview:-1\" \/>\n<link rel=\"canonical\" href=\"https:\/\/grimencamping.no\/de\/langzeitmiete\/\" \/>\n<meta property=\"og:locale\" content=\"de_DE\" \/>\n<meta property=\"og:type\" content=\"article\" \/>\n<meta property=\"og:title\" content=\"Langtidsleie p\u00e5 Grimen Camping \u2013 bo naturn\u00e6rt n\u00e6r Bergen\" \/>\n<meta property=\"og:description\" content=\"Bo rimelig og rolig fra oktober til mai p\u00e5 Grimen Camping. Langtidsleie med natur, fjellutsikt og kort vei til Bergen sentrum.\" \/>\n<meta property=\"og:url\" content=\"https:\/\/grimencamping.no\/de\/langzeitmiete\/\" \/>\n<meta property=\"og:site_name\" content=\"Grimen Camping\" \/>\n<meta property=\"article:modified_time\" content=\"2026-01-12T08:43:09+00:00\" \/>\n<meta property=\"og:image\" content=\"https:\/\/grimencamping.no\/wp-content\/uploads\/2025\/12\/opengraph-grimen.jpg\" \/>\n\t<meta property=\"og:image:width\" content=\"2048\" \/>\n\t<meta property=\"og:image:height\" content=\"1363\" \/>\n\t<meta property=\"og:image:type\" content=\"image\/jpeg\" \/>\n<meta name=\"twitter:card\" content=\"summary_large_image\" \/>\n<meta name=\"twitter:label1\" content=\"Gesch\u00e4tzte Lesezeit\" \/>\n\t<meta name=\"twitter:data1\" content=\"1\u00a0Minute\" \/>\n<script type=\"application\/ld+json\" class=\"yoast-schema-graph\">{\"@context\":\"https:\/\/schema.org\",\"@graph\":[{\"@type\":\"WebPage\",\"@id\":\"https:\/\/grimencamping.no\/langtidsleie\/\",\"url\":\"https:\/\/grimencamping.no\/langtidsleie\/\",\"name\":\"Langtidsleie p\u00e5 Grimen Camping \u2013 bo naturn\u00e6rt n\u00e6r Bergen\",\"isPartOf\":{\"@id\":\"https:\/\/grimencamping.no\/#website\"},\"primaryImageOfPage\":{\"@id\":\"https:\/\/grimencamping.no\/langtidsleie\/#primaryimage\"},\"image\":{\"@id\":\"https:\/\/grimencamping.no\/langtidsleie\/#primaryimage\"},\"thumbnailUrl\":\"https:\/\/grimencamping.no\/wp-content\/uploads\/2025\/12\/opengraph-grimen.jpg\",\"datePublished\":\"2025-12-09T09:51:24+00:00\",\"dateModified\":\"2026-01-12T08:43:09+00:00\",\"description\":\"Bo rimelig og rolig fra oktober til mai p\u00e5 Grimen Camping. Langtidsleie med natur, fjellutsikt og kort vei til Bergen sentrum.\",\"breadcrumb\":{\"@id\":\"https:\/\/grimencamping.no\/langtidsleie\/#breadcrumb\"},\"inLanguage\":\"de\",\"potentialAction\":[{\"@type\":\"ReadAction\",\"target\":[\"https:\/\/grimencamping.no\/langtidsleie\/\"]}]},{\"@type\":\"ImageObject\",\"inLanguage\":\"de\",\"@id\":\"https:\/\/grimencamping.no\/langtidsleie\/#primaryimage\",\"url\":\"https:\/\/grimencamping.no\/wp-content\/uploads\/2025\/12\/opengraph-grimen.jpg\",\"contentUrl\":\"https:\/\/grimencamping.no\/wp-content\/uploads\/2025\/12\/opengraph-grimen.jpg\",\"width\":2048,\"height\":1363},{\"@type\":\"BreadcrumbList\",\"@id\":\"https:\/\/grimencamping.no\/langtidsleie\/#breadcrumb\",\"itemListElement\":[{\"@type\":\"ListItem\",\"position\":1,\"name\":\"Hjem\",\"item\":\"https:\/\/grimencamping.no\/\"},{\"@type\":\"ListItem\",\"position\":2,\"name\":\"Langtidsleie\"}]},{\"@type\":\"WebSite\",\"@id\":\"https:\/\/grimencamping.no\/#website\",\"url\":\"https:\/\/grimencamping.no\/\",\"name\":\"Grimen Camping\",\"description\":\"Hytter og bobil n\u00e6r Bergen og naturen\",\"publisher\":{\"@id\":\"https:\/\/grimencamping.no\/#organization\"},\"alternateName\":\"Grimen Camping\",\"potentialAction\":[{\"@type\":\"SearchAction\",\"target\":{\"@type\":\"EntryPoint\",\"urlTemplate\":\"https:\/\/grimencamping.no\/?s={search_term_string}\"},\"query-input\":{\"@type\":\"PropertyValueSpecification\",\"valueRequired\":true,\"valueName\":\"search_term_string\"}}],\"inLanguage\":\"de\"},{\"@type\":\"Organization\",\"@id\":\"https:\/\/grimencamping.no\/#organization\",\"name\":\"Grimen Camping\",\"alternateName\":\"Grimen Camping\",\"url\":\"https:\/\/grimencamping.no\/\",\"logo\":{\"@type\":\"ImageObject\",\"inLanguage\":\"de\",\"@id\":\"https:\/\/grimencamping.no\/#\/schema\/logo\/image\/\",\"url\":\"https:\/\/grimencamping.no\/wp-content\/uploads\/2025\/12\/Logo-Grimen-white.png\",\"contentUrl\":\"https:\/\/grimencamping.no\/wp-content\/uploads\/2025\/12\/Logo-Grimen-white.png\",\"width\":892,\"height\":839,\"caption\":\"Grimen Camping\"},\"image\":{\"@id\":\"https:\/\/grimencamping.no\/#\/schema\/logo\/image\/\"},\"sameAs\":[\"https:\/\/www.instagram.com\/grimencampingbergen\/\"]}]}<\/script>\n<!-- \/ Yoast SEO plugin. -->","yoast_head_json":{"title":"Langzeitaufenthalt auf dem Grimen Camping bei Bergen","description":"Langzeitmiete von Oktober bis Mai \u2013 genie\u00dfen Sie Ruhe &amp; Natur nahe Bergen mit individuellen Angeboten f\u00fcr l\u00e4ngere Aufenthalte.","robots":{"index":"index","follow":"follow","max-snippet":"max-snippet:-1","max-image-preview":"max-image-preview:large","max-video-preview":"max-video-preview:-1"},"canonical":"https:\/\/grimencamping.no\/de\/langzeitmiete\/","og_locale":"de_DE","og_type":"article","og_title":"Langtidsleie p\u00e5 Grimen Camping \u2013 bo naturn\u00e6rt n\u00e6r Bergen","og_description":"Bo rimelig og rolig fra oktober til mai p\u00e5 Grimen Camping. Langtidsleie med natur, fjellutsikt og kort vei til Bergen sentrum.","og_url":"https:\/\/grimencamping.no\/de\/langzeitmiete\/","og_site_name":"Grimen Camping","article_modified_time":"2026-01-12T08:43:09+00:00","og_image":[{"width":2048,"height":1363,"url":"https:\/\/grimencamping.no\/wp-content\/uploads\/2025\/12\/opengraph-grimen.jpg","type":"image\/jpeg"}],"twitter_card":"summary_large_image","twitter_misc":{"Gesch\u00e4tzte Lesezeit":"1\u00a0Minute"},"schema":{"@context":"https:\/\/schema.org","@graph":[{"@type":"WebPage","@id":"https:\/\/grimencamping.no\/langtidsleie\/","url":"https:\/\/grimencamping.no\/langtidsleie\/","name":"Langzeitaufenthalt auf dem Grimen Camping bei Bergen","isPartOf":{"@id":"https:\/\/grimencamping.no\/#website"},"primaryImageOfPage":{"@id":"https:\/\/grimencamping.no\/langtidsleie\/#primaryimage"},"image":{"@id":"https:\/\/grimencamping.no\/langtidsleie\/#primaryimage"},"thumbnailUrl":"https:\/\/grimencamping.no\/wp-content\/uploads\/2025\/12\/opengraph-grimen.jpg","datePublished":"2025-12-09T09:51:24+00:00","dateModified":"2026-01-12T08:43:09+00:00","description":"Langzeitmiete von Oktober bis Mai \u2013 genie\u00dfen Sie Ruhe &amp; Natur nahe Bergen mit individuellen Angeboten f\u00fcr l\u00e4ngere Aufenthalte.","breadcrumb":{"@id":"https:\/\/grimencamping.no\/langtidsleie\/#breadcrumb"},"inLanguage":"de","potentialAction":[{"@type":"ReadAction","target":["https:\/\/grimencamping.no\/langtidsleie\/"]}]},{"@type":"ImageObject","inLanguage":"de","@id":"https:\/\/grimencamping.no\/langtidsleie\/#primaryimage","url":"https:\/\/grimencamping.no\/wp-content\/uploads\/2025\/12\/opengraph-grimen.jpg","contentUrl":"https:\/\/grimencamping.no\/wp-content\/uploads\/2025\/12\/opengraph-grimen.jpg","width":2048,"height":1363},{"@type":"BreadcrumbList","@id":"https:\/\/grimencamping.no\/langtidsleie\/#breadcrumb","itemListElement":[{"@type":"ListItem","position":1,"name":"Hjem","item":"https:\/\/grimencamping.no\/"},{"@type":"ListItem","position":2,"name":"Langtidsleie"}]},{"@type":"WebSite","@id":"https:\/\/grimencamping.no\/#website","url":"https:\/\/grimencamping.no\/","name":"Grimen Camping","description":"Hytter og bobil n\u00e6r Bergen og naturen","publisher":{"@id":"https:\/\/grimencamping.no\/#organization"},"alternateName":"Grimen Camping","potentialAction":[{"@type":"SearchAction","target":{"@type":"EntryPoint","urlTemplate":"https:\/\/grimencamping.no\/?s={search_term_string}"},"query-input":{"@type":"PropertyValueSpecification","valueRequired":true,"valueName":"search_term_string"}}],"inLanguage":"de"},{"@type":"Organization","@id":"https:\/\/grimencamping.no\/#organization","name":"Grimen Camping","alternateName":"Grimen Camping","url":"https:\/\/grimencamping.no\/","logo":{"@type":"ImageObject","inLanguage":"de","@id":"https:\/\/grimencamping.no\/#\/schema\/logo\/image\/","url":"https:\/\/grimencamping.no\/wp-content\/uploads\/2025\/12\/Logo-Grimen-white.png","contentUrl":"https:\/\/grimencamping.no\/wp-content\/uploads\/2025\/12\/Logo-Grimen-white.png","width":892,"height":839,"caption":"Grimen Camping"},"image":{"@id":"https:\/\/grimencamping.no\/#\/schema\/logo\/image\/"},"sameAs":["https:\/\/www.instagram.com\/grimencampingbergen\/"]}]}},"_links":{"self":[{"href":"https:\/\/grimencamping.no\/de\/wp-json\/wp\/v2\/pages\/94","targetHints":{"allow":["GET"]}}],"collection":[{"href":"https:\/\/grimencamping.no\/de\/wp-json\/wp\/v2\/pages"}],"about":[{"href":"https:\/\/grimencamping.no\/de\/wp-json\/wp\/v2\/types\/page"}],"author":[{"embeddable":true,"href":"https:\/\/grimencamping.no\/de\/wp-json\/wp\/v2\/users\/1"}],"replies":[{"embeddable":true,"href":"https:\/\/grimencamping.no\/de\/wp-json\/wp\/v2\/comments?post=94"}],"version-history":[{"count":5,"href":"https:\/\/grimencamping.no\/de\/wp-json\/wp\/v2\/pages\/94\/revisions"}],"predecessor-version":[{"id":434,"href":"https:\/\/grimencamping.no\/de\/wp-json\/wp\/v2\/pages\/94\/revisions\/434"}],"wp:featuredmedia":[{"embeddable":true,"href":"https:\/\/grimencamping.no\/de\/wp-json\/wp\/v2\/media\/329"}],"wp:attachment":[{"href":"https:\/\/grimencamping.no\/de\/wp-json\/wp\/v2\/media?parent=94"}],"curies":[{"name":"wp","href":"https:\/\/api.w.org\/{rel}","templated":true}]}}